{"id":24322,"date":"2022-10-11T15:04:46","date_gmt":"2022-10-11T15:04:46","guid":{"rendered":"https:\/\/eitel-mobile.de\/?page_id=24322"},"modified":"2024-07-05T13:38:01","modified_gmt":"2024-07-05T13:38:01","slug":"fahrzeug-bewertung-ankauf-und-inzahlungnahme-bei-ihrem-eitel-mobile","status":"publish","type":"page","link":"https:\/\/eitel-mobile.de\/?page_id=24322","title":{"rendered":"Wir kaufen Ihr Auto"},"content":{"rendered":"<p><strong><img loading=\"lazy\" decoding=\"async\" class=\"alignnone size-medium wp-image-24326\" src=\"https:\/\/eitel-mobile.de\/wp-content\/uploads\/2022\/10\/fa_bvfk_neu-300x43.png\" alt=\"\" width=\"300\" height=\"43\" srcset=\"https:\/\/eitel-mobile.de\/wp-content\/uploads\/2022\/10\/fa_bvfk_neu-300x43.png 300w, https:\/\/eitel-mobile.de\/wp-content\/uploads\/2022\/10\/fa_bvfk_neu-768x111.png 768w, https:\/\/eitel-mobile.de\/wp-content\/uploads\/2022\/10\/fa_bvfk_neu-825x120.png 825w, https:\/\/eitel-mobile.de\/wp-content\/uploads\/2022\/10\/fa_bvfk_neu.png 828w\" sizes=\"(max-width: 300px) 100vw, 300px\" \/><\/strong><\/p>\n<p><strong>Fahrzeug-Bewertung, -Ankauf und -Inzahlungnahme bei Ihrem Eitel-Mobile.<\/strong><\/p>\n<p>Mit unserem digitalen Assistenten bieten wir Ihnen eine sichere und bequeme M\u00f6glichkeit, \u201eIhren Alten los zu werden\u201c!<\/p>\n<p>Als BVfK-Mitglied stellen wir Ihnen die PKW-Ankaufplattform BVfK-Fahrzeugankauf.de kostenlos und unverbindlich zur Verf\u00fcgung. Sie erm\u00f6glicht eine realistische Bewertung Ihres Gebrauchtwagens, da neben wertsteigernden Extras auch f\u00e4llige Reparaturen bei der Kalkulation ber\u00fccksichtigt werden. Auf dieser Grundlage k\u00f6nnen Sie dann Ihr Altfahrzeug, vorbehaltlich einer genaueren \u00dcberpr\u00fcfung, bei uns in Zahlung geben oder an einen der \u00fcber 800 Kollegen des BVfK-H\u00e4ndlernetzwerks zu einem fairen Preis verkaufen.<br \/>\nBitte geben Sie Ihre Fahrzeugdaten m\u00f6glichst genau ein und klicken anschlie\u00dfend auf den &#8220;Weiter&#8221;-Button.<\/p>\n<p><iframe style=\"width: 75%; min-height: 900px; border: 0;\" src=\"https:\/\/www.fahrzeugankauf.de\/iframe-bwrt.php?uid=2219&amp;css-code=div{font-size:15px; color:rgb(15, 34, 139);}\"><\/iframe><\/p>\n","protected":false},"excerpt":{"rendered":"<p>Fahrzeug-Bewertung, -Ankauf und -Inzahlungnahme bei Ihrem Eitel-Mobile. Mit unserem digitalen Assistenten bieten wir Ihnen eine sichere und bequeme M\u00f6glichkeit, \u201eIhren Alten los zu werden\u201c! Als BVfK-Mitglied stellen wir Ihnen die PKW-Ankaufplattform BVfK-Fahrzeugankauf.de kostenlos und unverbindlich zur Verf\u00fcgung. Sie erm\u00f6glicht eine realistische Bewertung Ihres Gebrauchtwagens, da neben wertsteigernden Extras auch f\u00e4llige Reparaturen bei der Kalkulation ber\u00fccksichtigt&#8230;<\/p>\n","protected":false},"author":1,"featured_media":0,"parent":0,"menu_order":0,"comment_status":"closed","ping_status":"closed","template":"","meta":{"footnotes":""},"class_list":["post-24322","page","type-page","status-publish","hentry"],"aioseo_notices":[],"_links":{"self":[{"href":"https:\/\/eitel-mobile.de\/index.php?rest_route=\/wp\/v2\/pages\/24322","targetHints":{"allow":["GET"]}}],"collection":[{"href":"https:\/\/eitel-mobile.de\/index.php?rest_route=\/wp\/v2\/pages"}],"about":[{"href":"https:\/\/eitel-mobile.de\/index.php?rest_route=\/wp\/v2\/types\/page"}],"author":[{"embeddable":true,"href":"https:\/\/eitel-mobile.de\/index.php?rest_route=\/wp\/v2\/users\/1"}],"replies":[{"embeddable":true,"href":"https:\/\/eitel-mobile.de\/index.php?rest_route=%2Fwp%2Fv2%2Fcomments&post=24322"}],"version-history":[{"count":9,"href":"https:\/\/eitel-mobile.de\/index.php?rest_route=\/wp\/v2\/pages\/24322\/revisions"}],"predecessor-version":[{"id":27246,"href":"https:\/\/eitel-mobile.de\/index.php?rest_route=\/wp\/v2\/pages\/24322\/revisions\/27246"}],"wp:attachment":[{"href":"https:\/\/eitel-mobile.de\/index.php?rest_route=%2Fwp%2Fv2%2Fmedia&parent=24322"}],"curies":[{"name":"wp","href":"https:\/\/api.w.org\/{rel}","templated":true}]}}