{"id":1803,"date":"2018-06-11T07:13:55","date_gmt":"2018-06-11T07:13:55","guid":{"rendered":"http:\/\/www.eitel-mobile.de\/?page_id=1803"},"modified":"2023-10-09T14:00:30","modified_gmt":"2023-10-09T14:00:30","slug":"agb","status":"publish","type":"page","link":"https:\/\/eitel-mobile.de\/?page_id=1803","title":{"rendered":"AGB"},"content":{"rendered":"<p class=\"p1\"><strong>Gebrauchtwagen-Verkaufsbedingungen (Kraftfahrzeuge und Anh\u00e4nger)<\/strong><\/p>\n<p class=\"p1\"><strong>Unverbindliche Empfehlung des Zentralverbandes Deutsches<\/strong><\/p>\n<p class=\"p1\"><strong>Kraftfahrzeuggewerbe e. V. (ZDK)<\/strong><\/p>\n<p class=\"p1\">Stand: 12\/2016<\/p>\n<p class=\"p1\"><strong>I. Vertragsabschluss\/\u00dcbertragung von Rechten und Pflichten des K\u00e4ufers<\/strong><\/p>\n<p class=\"p1\">1. Der K\u00e4ufer ist an die Bestellung h\u00f6chstens bis 10 Tage, bei<\/p>\n<p class=\"p1\">Nutzfahrzeugen bis 2 Wochen gebunden. Der Kaufvertrag ist abgeschlossen,<\/p>\n<p class=\"p1\">wenn der Verk\u00e4ufer die Annahme der Bestellung des n\u00e4her bezeichneten<\/p>\n<p class=\"p1\">Kaufgegenstandes innerhalb der jeweils genannten Fristen schriftlich<\/p>\n<p class=\"p1\">best\u00e4tigt oder die Lieferung ausfu\u0308hrt. Der Verk\u00e4ufer ist jedoch<\/p>\n<p class=\"p1\">verpflichtet, den Besteller unverzu\u0308glich zu unterrichten, wenn er die<\/p>\n<p class=\"p1\">Bestellung nicht annimmt.<\/p>\n<p class=\"p1\">2. \u00dcbertragungen von Rechten und Pflichten des K\u00e4ufers aus dem Kaufvertrag<\/p>\n<p class=\"p1\">bedu\u0308rfen der schriftlichen Zustimmung des Verk\u00e4ufers.<\/p>\n<p class=\"p1\"><strong>II. Zahlung<\/strong><\/p>\n<p class=\"p1\">1. Der Kaufpreis und Preise fu\u0308r Nebenleistungen sind bei \u00dcbergabe des<\/p>\n<p class=\"p1\">Kaufgegenstandes und Aush\u00e4ndigung oder \u00dcbersendung der Rechnung zur Zahlung<\/p>\n<p class=\"p1\">f\u00e4llig.<\/p>\n<p class=\"p1\">2. Gegen Anspru\u0308che des Verk\u00e4ufers kann der K\u00e4ufer nur dann aufrechnen, wenn<\/p>\n<p class=\"p1\">die Gegenforderung des K\u00e4ufers unbestritten ist oder ein rechtskr\u00e4ftiger<\/p>\n<p class=\"p1\">Titel vorliegt. Hiervon ausgenommen sind Gegenforderungen des K\u00e4ufers aus<\/p>\n<p class=\"p1\">demselben Kaufvertrag. Ein Zuru\u0308ckbehaltungsrecht kann er nur geltend machen,<\/p>\n<p class=\"p1\">soweit es auf Anspru\u0308chen aus demselben Vertragsverh\u00e4ltnis beruht.<\/p>\n<p class=\"p1\"><strong>III. Lieferung und Lieferverzug<\/strong><\/p>\n<p class=\"p1\">1. Liefertermine und Lieferfristen, die verbindlich oder unverbindlich<\/p>\n<p class=\"p1\">vereinbart werden k\u00f6nnen, sind schriftlich anzugeben. Lieferfristen beginnen<\/p>\n<p class=\"p1\">mit Vertragsabschluss.<\/p>\n<p class=\"p1\">2. Der K\u00e4ufer kann zehn Tage, bei Nutzfahrzeugen zwei Wochen, nach<\/p>\n<p class=\"p1\">\u00dcberschreiten eines unverbindlichen Liefertermins oder einer unverbindlichen<\/p>\n<p class=\"p1\">Lieferfrist den Verk\u00e4ufer auffordern, zu liefern. Mit dem Zugang der<\/p>\n<p class=\"p1\">Aufforderung kommt der Verk\u00e4ufer in Verzug. Hat der K\u00e4ufer Anspruch auf<\/p>\n<p class=\"p1\">Ersatz eines Verzugsschadens, beschr\u00e4nkt sich dieser bei leichter<\/p>\n<p class=\"p1\">Fahrl\u00e4ssigkeit des Verk\u00e4ufers auf h\u00f6chstens 5% des vereinbarten Kaufpreises.<\/p>\n<p class=\"p1\">3. Will der K\u00e4ufer daru\u0308ber hinaus vom Vertrag zuru\u0308cktreten und\/oder<\/p>\n<p class=\"p1\">Schadensersatz statt der Leistung verlangen, muss er dem Verk\u00e4ufer nach<\/p>\n<p class=\"p1\">Ablauf der betreffenden Frist gem\u00e4\u00df Ziffer 2, Satz 1 dieses Abschnitts eine<\/p>\n<p class=\"p1\">angemessene Frist zur Lieferung setzen.<\/p>\n<p class=\"p1\">Hat der K\u00e4ufer Anspruch auf Schadensersatz statt der Leistung, beschr\u00e4nkt<\/p>\n<p class=\"p1\">sich der Anspruch bei leichter Fahrl\u00e4ssigkeit auf h\u00f6chstens 10% des<\/p>\n<p class=\"p1\">vereinbarten Kaufpreises. Ist der K\u00e4ufer eine juristische Person des<\/p>\n<p class=\"p1\">\u00f6ffentlichen Rechts, ein \u00f6ffentlich-rechtliches Sonderverm\u00f6gen oder ein<\/p>\n<p class=\"p1\">Unternehmer, der bei Abschluss des Vertrages in Ausu\u0308bung seiner gewerblichen<\/p>\n<p class=\"p1\">oder selbst\u00e4ndigen beruflichen T\u00e4tigkeit handelt, sind<\/p>\n<p class=\"p1\">Schadenersatzanspru\u0308che bei leichter Fahrl\u00e4ssigkeit ausgeschlossen.<\/p>\n<p class=\"p1\">Wird dem Verk\u00e4ufer, w\u00e4hrend er in Verzug ist, die Lieferung durch Zufall<\/p>\n<p class=\"p1\">unm\u00f6glich, so haftet er mit den vorstehend vereinbarten<\/p>\n<p class=\"p1\">Haftungsbegrenzungen. Der Verk\u00e4ufer haftet nicht, wenn der Schaden auch bei<\/p>\n<p class=\"p1\">rechtzeitiger Lieferung eingetreten w\u00e4re.<\/p>\n<p class=\"p1\">4. Wird ein verbindlicher Liefertermin oder eine verbindliche Lieferfrist<\/p>\n<p class=\"p1\">u\u0308berschritten, kommt der Verk\u00e4ufer bereits mit \u00dcberschreiten des<\/p>\n<p class=\"p1\">Liefertermins oder der Lieferfrist in Verzug. Die Rechte des K\u00e4ufers<\/p>\n<p class=\"p1\">bestimmen sich dann nach Ziffer 2, Satz 3 und Ziffer 3 dieses Abschnitts.<\/p>\n<p class=\"p1\">5. Die Haftungsbegrenzungen und Haftungsausschlu\u0308sse dieses Abschnitts gelten<\/p>\n<p class=\"p1\">nicht fu\u0308r Sch\u00e4den, die auf einer grob fahrl\u00e4ssigen oder vors\u00e4tzlichen<\/p>\n<p class=\"p1\">Verletzung von Pflichten des Verk\u00e4ufers, seines gesetzlichen Vertreters oder<\/p>\n<p class=\"p1\">seines Erfu\u0308llungsgehilfen beruhen sowie bei Verletzung von Leben, K\u00f6rper<\/p>\n<p class=\"p1\">oder Gesundheit.<\/p>\n<p class=\"p1\">6. H\u00f6here Gewalt oder beim Verk\u00e4ufer oder dessen Lieferanten eintretende<\/p>\n<p class=\"p1\">Betriebsst\u00f6rungen, die den Verk\u00e4ufer ohne eigenes Verschulden voru\u0308bergehend<\/p>\n<p class=\"p1\">daran hindern, den Kaufgegenstand zum vereinbarten Termin oder innerhalb der<\/p>\n<p class=\"p1\">vereinbarten Frist zu liefern, ver\u00e4ndern die in Ziffern 1 bis 4 dieses<\/p>\n<p class=\"p1\">Abschnitts genannten Termine und Fristen um die Dauer der durch diese<\/p>\n<p class=\"p1\">Umst\u00e4nde bedingten Leistungsst\u00f6rungen. Fu\u0308hren entsprechende St\u00f6rungen zu<\/p>\n<p class=\"p1\">einem Leistungsaufschub von mehr als vier Monaten, kann der K\u00e4ufer vom<\/p>\n<p class=\"p1\">Vertrag zuru\u0308cktreten. Andere Ru\u0308cktrittsrechte bleiben davon unberu\u0308hrt.<\/p>\n<p class=\"p1\"><strong>IV. Abnahme<\/strong><\/p>\n<p class=\"p1\">1. Der K\u00e4ufer ist verpflichtet, den Kaufgegenstand innerhalb von acht Tagen<\/p>\n<p class=\"p1\">ab Zugang der Bereitstellungsanzeige abzunehmen. Im Falle der Nichtabnahme<\/p>\n<p class=\"p1\">kann der Verk\u00e4ufer von seinen gesetzlichen Rechten Gebrauch machen.<\/p>\n<p class=\"p1\">2. Verlangt der Verk\u00e4ufer Schadensersatz, so betr\u00e4gt dieser 10% des<\/p>\n<p class=\"p1\">Kaufpreises. Der Schadenersatz ist h\u00f6her oder niedriger anzusetzen, wenn der<\/p>\n<p class=\"p1\">Verk\u00e4ufer einen h\u00f6heren Schaden nachweist oder der K\u00e4ufer nachweist, dass<\/p>\n<p class=\"p1\">ein geringerer oder u\u0308berhaupt kein Schaden entstanden ist.<\/p>\n<p class=\"p1\"><strong>V. Eigentumsvorbehalt<\/strong><\/p>\n<p class=\"p1\">1. Der Kaufgegenstand bleibt bis zum Ausgleich der dem Verk\u00e4ufer aufgrund<\/p>\n<p class=\"p1\">des Kaufvertrages zustehenden Forderungen Eigentum des Verk\u00e4ufers.<\/p>\n<p class=\"p1\">Ist der K\u00e4ufer eine juristische Person des \u00f6ffentlichen Rechts, ein<\/p>\n<p class=\"p1\">\u00f6ffentlich-rechtliches Sonderverm\u00f6gen oder ein Unternehmer, der bei<\/p>\n<p class=\"p1\">Abschluss des Vertrages in Ausu\u0308bung seiner gewerblichen oder selbst\u00e4ndigen<\/p>\n<p class=\"p1\">beruflichen T\u00e4tigkeit handelt, bleibt der Eigentumsvorbehalt auch bestehen<\/p>\n<p class=\"p1\">fu\u0308r Forderungen des Verk\u00e4ufers gegen den K\u00e4ufer aus der laufenden<\/p>\n<p class=\"p1\">Gesch\u00e4ftsbeziehung bis zum Ausgleich von im Zusammenhang mit dem Kauf<\/p>\n<p class=\"p1\">zustehenden Forderungen.<\/p>\n<p class=\"p1\">Auf Verlangen des K\u00e4ufers ist der Verk\u00e4ufer zum Verzicht auf den<\/p>\n<p class=\"p1\">Eigentumsvorbehalt verpflichtet, wenn der K\u00e4ufer s\u00e4mtliche mit dem<\/p>\n<p class=\"p1\">Kaufgegenstand im Zusammenhang stehende Forderungen unanfechtbar erfu\u0308llt hat<\/p>\n<p class=\"p1\">und fu\u0308r die u\u0308brigen Forderungen aus den laufenden Gesch\u00e4ftsbeziehungen eine<\/p>\n<p class=\"p1\">angemessene Sicherung besteht.<\/p>\n<p class=\"p1\">W\u00e4hrend der Dauer des Eigentumsvorbehalts steht das Recht zum Besitz der<\/p>\n<p class=\"p1\">Zulassungsbescheinigung Teil II (Fahrzeugbrief) dem Verk\u00e4ufer zu.<\/p>\n<p class=\"p1\">2. Zahlt der K\u00e4ufer den f\u00e4lligen Kaufpreis und Preise fu\u0308r Nebenleistungen<\/p>\n<p class=\"p1\">nicht oder nicht vertragsgem\u00e4\u00df, kann der Verk\u00e4ufer vom Vertrag zuru\u0308cktreten<\/p>\n<p class=\"p1\">und\/oder bei schuldhafter Pflichtverletzung des K\u00e4ufers Schadensersatz statt<\/p>\n<p class=\"p1\">der Leistung verlangen, wenn er dem K\u00e4ufer erfolglos eine angemessene Frist<\/p>\n<p class=\"p1\">zur Leistung bestimmt hat, es sei denn, die Fristsetzung ist entsprechend<\/p>\n<p class=\"p1\">den gesetzlichen Bestimmungen entbehrlich.<\/p>\n<p class=\"p1\">3. Solange der Eigentumsvorbehalt besteht, darf der K\u00e4ufer u\u0308ber den<\/p>\n<p class=\"p1\">Kaufgegenstand weder verfu\u0308gen noch Dritten vertraglich eine Nutzung<\/p>\n<p class=\"p1\">einr\u00e4umen.<\/p>\n<p class=\"p1\"><strong>VI. Haftung fu\u0308r Sachm\u00e4ngel<\/strong><\/p>\n<p class=\"p1\">1. Anspru\u0308che des K\u00e4ufers wegen Sachm\u00e4ngeln verj\u00e4hren in einem Jahr ab<\/p>\n<p class=\"p1\">Ablieferung des Kaufgegenstandes an den Kunden.<\/p>\n<p class=\"p1\">Ist der K\u00e4ufer eine juristische Person des \u00f6ffentlichen Rechts, ein<\/p>\n<p class=\"p1\">\u00f6ffentlich-rechtliches Sonderverm\u00f6gen oder ein Unternehmer, der bei<\/p>\n<p class=\"p1\">Abschluss des Vertrages in Ausu\u0308bung seiner gewerblichen oder selbst\u00e4ndigen<\/p>\n<p class=\"p1\">beruflichen T\u00e4tigkeit handelt, erfolgt der Verkauf unter Ausschluss<\/p>\n<p class=\"p1\">jeglicher Sachm\u00e4ngelanspru\u0308che.<\/p>\n<p class=\"p1\">2. Die Verj\u00e4hrungsverku\u0308rzung in Ziffer 1 Satz 1 sowie der Ausschluss der<\/p>\n<p class=\"p1\">Sachm\u00e4ngelhaftung in Ziffer 1 Satz 2 gelten nicht fu\u0308r Sch\u00e4den, die auf einer<\/p>\n<p class=\"p1\">grob fahrl\u00e4ssigen oder vors\u00e4tzlichen Verletzung von Pflichten des<\/p>\n<p class=\"p1\">Verk\u00e4ufers, seines gesetzlichen Vertreters oder seines Erfu\u0308llungsgehilfen<\/p>\n<p class=\"p1\">beruhen sowie bei Verletzung von Leben, K\u00f6rper oder Gesundheit.<\/p>\n<p class=\"p1\">3. Hat der Verk\u00e4ufer aufgrund der gesetzlichen Bestimmungen fu\u0308r einen<\/p>\n<p class=\"p1\">Schaden aufzukommen, der leicht fahrl\u00e4ssig verursacht wurde, so haftet der<\/p>\n<p class=\"p1\">Verk\u00e4ufer beschr\u00e4nkt:<\/p>\n<p class=\"p1\">Die Haftung besteht nur bei Verletzung vertragswesentlicher Pflichten, etwa<\/p>\n<p class=\"p1\">solcher, die der Kaufvertrag dem Verk\u00e4ufer nach seinem Inhalt und Zweck<\/p>\n<p class=\"p1\">gerade auferlegen will oder deren Erfu\u0308llung die ordnungsgem\u00e4\u00dfe Durchfu\u0308hrung<\/p>\n<p class=\"p1\">des Kaufvertrages u\u0308berhaupt erst erm\u00f6glicht und auf deren Einhaltung der<\/p>\n<p class=\"p1\">K\u00e4ufer regelm\u00e4\u00dfig vertraut und vertrauen darf. Diese Haftung ist auf den bei<\/p>\n<p class=\"p1\">Vertragsabschluss vorhersehbaren typischen Schaden begrenzt.<\/p>\n<p class=\"p1\">Ausgeschlossen ist die pers\u00f6nliche Haftung der gesetzlichen Vertreter,<\/p>\n<p class=\"p1\">Erfu\u0308llungsgehilfen und Betriebsangeh\u00f6rigen des Verk\u00e4ufers fu\u0308r von ihnen<\/p>\n<p class=\"p1\">durch leichte Fahrl\u00e4ssigkeit verursachte Sch\u00e4den.<\/p>\n<p class=\"p1\">Fu\u0308r die vorgenannte Haftungsbegrenzung und den vorgenannten<\/p>\n<p class=\"p1\">Haftungsausschluss gilt Ziffer 2 dieses Abschnitts entsprechend.<\/p>\n<p class=\"p1\">4. Unabh\u00e4ngig von einem Verschulden des Verk\u00e4ufers bleibt eine etwaige<\/p>\n<p class=\"p1\">Haftung des Verk\u00e4ufers bei arglistigem Verschweigen eines Mangels, aus der<\/p>\n<p class=\"p1\">\u00dcbernahme einer Garantie oder eines Beschaffungsrisikos und nach dem<\/p>\n<p class=\"p1\">Produkthaftungsgesetz unberu\u0308hrt.<\/p>\n<p class=\"p1\">5. Soll eine M\u00e4ngelbeseitigung durchgefu\u0308hrt werden, gilt folgendes:<\/p>\n<p class=\"p1\">a) Anspru\u0308che wegen Sachm\u00e4ngeln hat der K\u00e4ufer beim Verk\u00e4ufer geltend zu<\/p>\n<p class=\"p1\">machen. Bei mu\u0308ndlichen Anzeigen von Anspru\u0308chen ist dem K\u00e4ufer eine<\/p>\n<p class=\"p1\">schriftliche Best\u00e4tigung u\u0308ber den Eingang der Anzeige auszuh\u00e4ndigen.<\/p>\n<p class=\"p1\">b) Wird der Kaufgegenstand wegen eines Sachmangels betriebsunf\u00e4hig, kann<\/p>\n<p class=\"p1\">sich der K\u00e4ufer mit vorheriger Zustimmung des Verk\u00e4ufers an einen anderen<\/p>\n<p class=\"p1\">Kfz-Meisterbetrieb wenden.<\/p>\n<p class=\"p1\">c) Fu\u0308r die im Rahmen einer M\u00e4ngelbeseitigung eingebauten Teile kann der<\/p>\n<p class=\"p1\">K\u00e4ufer bis zum Ablauf der Verj\u00e4hrungsfrist des Kaufgegenstandes<\/p>\n<p class=\"p1\">Sachm\u00e4ngelanspru\u0308che auf Grund des Kaufvertrages geltend machen.<\/p>\n<p class=\"p1\">Ersetzte Teile werden Eigentum des Verk\u00e4ufers.<\/p>\n<p class=\"p1\"><strong>VII. Haftung fu\u0308r sonstige Sch\u00e4den<\/strong><\/p>\n<p class=\"p1\">1. Sonstige Anspru\u0308che des Kunden, die nicht in Abschnitt VI. \u201eHaftung fu\u0308r<\/p>\n<p class=\"p1\">Sachm\u00e4ngel\u201c geregelt sind, verj\u00e4hren in der regelm\u00e4\u00dfigen Verj\u00e4hrungsfrist.<\/p>\n<p class=\"p1\">2. Die Haftung wegen Lieferverzuges ist in Abschnitt III \u201eLieferung und<\/p>\n<p class=\"p1\">Lieferverzug\u201c abschlie\u00dfend geregelt. Fu\u0308r sonstige Schadensersatzanspru\u0308che<\/p>\n<p class=\"p1\">gegen den Verk\u00e4ufer gelten die Regelungen in Abschnitt VI. \u201eHaftung fu\u0308r<\/p>\n<p class=\"p1\">Sachm\u00e4ngel\u201c, Ziffer 3 und 4 entsprechend.<\/p>\n<p class=\"p1\"><strong>VIII. Gerichtsstand<\/strong><\/p>\n<p class=\"p1\">1. Fu\u0308r s\u00e4mtliche gegenw\u00e4rtigen und zuku\u0308nftigen Anspru\u0308che aus der<\/p>\n<p class=\"p1\">Gesch\u00e4ftsverbindung mit Kaufleuten einschlie\u00dflich Wechsel- und<\/p>\n<p class=\"p1\">Scheckforderungen ist ausschlie\u00dflicher Gerichtsstand der Sitz des<\/p>\n<p class=\"p1\">Verk\u00e4ufers.<\/p>\n<p class=\"p1\">2. Der gleiche Gerichtsstand gilt, wenn der K\u00e4ufer keinen allgemeinen<\/p>\n<p class=\"p1\">Gerichtsstand im Inland hat, nach Vertragsabschluss seinen Wohnsitz oder<\/p>\n<p class=\"p1\">gew\u00f6hnlichen Aufenthaltsort aus dem Inland verlegt oder sein Wohnsitz oder<\/p>\n<p class=\"p1\">gew\u00f6hnlicher Aufenthaltsort zum Zeitpunkt der Klageerhebung nicht bekannt<\/p>\n<p class=\"p1\">ist. Im \u00dcbrigen gilt bei Anspru\u0308chen des Verk\u00e4ufers gegenu\u0308ber dem K\u00e4ufer<\/p>\n<p class=\"p1\">dessen Wohnsitz als Gerichtsstand.<\/p>\n<p class=\"p1\"><strong>IX. Au\u00dfergerichtliche Streitbeilegung<\/strong><\/p>\n<p class=\"p1\">1. Kfz-Schiedsstellen<\/p>\n<p class=\"p1\">a) Fu\u0308hrt der Kfz-Betrieb das Meisterschild \u201eMeisterbetrieb der Kfz-Innung\u201c<\/p>\n<p class=\"p1\">oder das Basisschild \u201eMitgliedsbetrieb der Kfz-Innung\u201c oder \u201eAutohandel mit<\/p>\n<p class=\"p1\">Qualit\u00e4t und Sicherheit\u201c, k\u00f6nnen die Parteien bei Streitigkeiten aus dem<\/p>\n<p class=\"p1\">Kaufvertrag u\u0308ber gebrauchte Fahrzeuge mit einem zul\u00e4ssigen Gesamtgewicht von<\/p>\n<p class=\"p1\">nicht mehr als 3,5 t &#8211; mit Ausnahme u\u0308ber den Kaufpreis &#8211; die fu\u0308r den Sitz<\/p>\n<p class=\"p1\">des Verk\u00e4ufers zust\u00e4ndige Kfz-Schiedsstelle anrufen. Die Anrufung muss<\/p>\n<p class=\"p1\">unverzu\u0308glich nach Kenntnis des Streitpunktes, sp\u00e4testens vor Ablauf von 13<\/p>\n<p class=\"p1\">Monaten seit Ablieferung des Kaufgegenstandes, durch Einreichung eines<\/p>\n<p class=\"p1\">Schriftsatzes (Anrufungsschrift) bei der Kfz-Schiedsstelle erfolgen.<\/p>\n<p class=\"p1\">b) Durch die Entscheidung der Kfz-Schiedsstelle wird der Rechtsweg nicht<\/p>\n<p class=\"p1\">ausgeschlossen.<\/p>\n<p class=\"p1\">c) Durch die Anrufung der Kfz-Schiedsstelle ist die Verj\u00e4hrung fu\u0308r die Dauer<\/p>\n<p class=\"p1\">des Verfahrens gehemmt.<\/p>\n<p class=\"p1\">d) Das Verfahren vor der Kfz-Schiedsstelle richtet sich nach deren<\/p>\n<p class=\"p1\">Gesch\u00e4fts- und Verfahrensordnung, die den Parteien auf Verlangen von der<\/p>\n<p class=\"p1\">Kfz-Schiedsstelle ausgeh\u00e4ndigt wird.<\/p>\n<p class=\"p1\">e) Die Anrufung der Kfz-Schiedsstelle ist ausgeschlossen, wenn bereits der<\/p>\n<p class=\"p1\">Rechtsweg beschritten ist. Wird der Rechtsweg w\u00e4hrend eines<\/p>\n<p class=\"p1\">Schiedsstellenverfahrens beschritten, stellt die Kfz-Schiedsstelle ihre<\/p>\n<p class=\"p1\">T\u00e4tigkeit ein.<\/p>\n<p class=\"p1\">f) Fu\u0308r die Inanspruchnahme der Kfz-Schiedsstelle werden Kosten nicht<\/p>\n<p class=\"p1\">erhoben.<\/p>\n<p class=\"p1\">2. Hinweis gem\u00e4\u00df \u00a7 36 Verbraucherstreitbeilegungsgesetz (VSBG)<\/p>\n<p class=\"p1\">Der Verk\u00e4ufer wird nicht an einem Streitbeilegungsverfahren vor einer<\/p>\n<p class=\"p1\">Verbraucherschlichtungsstelle im Sinne des VSBG teilnehmen und ist hierzu<\/p>\n<p class=\"p1\">auch nicht verpflichtet.<\/p>\n","protected":false},"excerpt":{"rendered":"<p>Gebrauchtwagen-Verkaufsbedingungen (Kraftfahrzeuge und Anh\u00e4nger) Unverbindliche Empfehlung des Zentralverbandes Deutsches Kraftfahrzeuggewerbe e. V. (ZDK) Stand: 12\/2016 I. Vertragsabschluss\/\u00dcbertragung von Rechten und Pflichten des K\u00e4ufers 1. Der K\u00e4ufer ist an die Bestellung h\u00f6chstens bis 10 Tage, bei Nutzfahrzeugen bis 2 Wochen gebunden. Der Kaufvertrag ist abgeschlossen, wenn der Verk\u00e4ufer die Annahme der Bestellung des n\u00e4her bezeichneten Kaufgegenstandes&#8230;<\/p>\n","protected":false},"author":1,"featured_media":0,"parent":0,"menu_order":0,"comment_status":"closed","ping_status":"closed","template":"","meta":{"footnotes":""},"class_list":["post-1803","page","type-page","status-publish","hentry"],"aioseo_notices":[],"_links":{"self":[{"href":"https:\/\/eitel-mobile.de\/index.php?rest_route=\/wp\/v2\/pages\/1803","targetHints":{"allow":["GET"]}}],"collection":[{"href":"https:\/\/eitel-mobile.de\/index.php?rest_route=\/wp\/v2\/pages"}],"about":[{"href":"https:\/\/eitel-mobile.de\/index.php?rest_route=\/wp\/v2\/types\/page"}],"author":[{"embeddable":true,"href":"https:\/\/eitel-mobile.de\/index.php?rest_route=\/wp\/v2\/users\/1"}],"replies":[{"embeddable":true,"href":"https:\/\/eitel-mobile.de\/index.php?rest_route=%2Fwp%2Fv2%2Fcomments&post=1803"}],"version-history":[{"count":1,"href":"https:\/\/eitel-mobile.de\/index.php?rest_route=\/wp\/v2\/pages\/1803\/revisions"}],"predecessor-version":[{"id":1804,"href":"https:\/\/eitel-mobile.de\/index.php?rest_route=\/wp\/v2\/pages\/1803\/revisions\/1804"}],"wp:attachment":[{"href":"https:\/\/eitel-mobile.de\/index.php?rest_route=%2Fwp%2Fv2%2Fmedia&parent=1803"}],"curies":[{"name":"wp","href":"https:\/\/api.w.org\/{rel}","templated":true}]}}